{"id":324,"date":"2024-09-22T12:29:57","date_gmt":"2024-09-22T12:29:57","guid":{"rendered":"https:\/\/ihrpflegeteam-gruenheide.de\/?page_id=324"},"modified":"2026-03-17T07:21:10","modified_gmt":"2026-03-17T07:21:10","slug":"kontakt","status":"publish","type":"page","link":"https:\/\/ihrpflegeteam-gruenheide.de\/?page_id=324","title":{"rendered":"Kontakt"},"content":{"rendered":"\t\t<div data-elementor-type=\"wp-page\" data-elementor-id=\"324\" class=\"elementor elementor-324\">\n\t\t\t\t\t\t<section class=\"elementor-section elementor-top-section elementor-element elementor-element-3290457 elementor-section-full_width elementor-section-height-min-height elementor-section-height-default elementor-section-items-middle\" data-id=\"3290457\" data-element_type=\"section\" data-settings=\"{&quot;background_background&quot;:&quot;classic&quot;}\">\n\t\t\t\t\t\t<div class=\"elementor-container elementor-column-gap-default\">\n\t\t\t\t\t<div class=\"elementor-column elementor-col-50 elementor-top-column elementor-element elementor-element-98ce727\" data-id=\"98ce727\" data-element_type=\"column\" data-settings=\"{&quot;background_background&quot;:&quot;slideshow&quot;,&quot;background_slideshow_gallery&quot;:[],&quot;background_slideshow_loop&quot;:&quot;yes&quot;,&quot;background_slideshow_slide_duration&quot;:5000,&quot;background_slideshow_slide_transition&quot;:&quot;fade&quot;,&quot;background_slideshow_transition_duration&quot;:500}\">\n\t\t\t<div class=\"elementor-widget-wrap elementor-element-populated\">\n\t\t\t\t\t\t<div class=\"elementor-element elementor-element-671597c elementor-widget elementor-widget-spacer\" data-id=\"671597c\" data-element_type=\"widget\" data-widget_type=\"spacer.default\">\n\t\t\t\t<div class=\"elementor-widget-container\">\n\t\t\t\t\t<div class=\"elementor-spacer\">\n\t\t\t<div class=\"elementor-spacer-inner\"><\/div>\n\t\t<\/div>\n\t\t\t\t<\/div>\n\t\t\t\t<\/div>\n\t\t\t\t\t<\/div>\n\t\t<\/div>\n\t\t\t\t<div class=\"elementor-column elementor-col-50 elementor-top-column elementor-element elementor-element-a76886c\" data-id=\"a76886c\" data-element_type=\"column\" data-settings=\"{&quot;background_background&quot;:&quot;classic&quot;}\">\n\t\t\t<div class=\"elementor-widget-wrap elementor-element-populated\">\n\t\t\t\t\t\t<div data-gbadge=\"{&quot;text&quot;:&quot;Wir sind umgezogen&quot;,&quot;icon&quot;:false}\" class=\"elementor-element elementor-element-fc2b5d4 premium-gbadge-yes premium-gbadge-flag premium-gbadge-right elementor-widget elementor-widget-google_maps\" data-id=\"fc2b5d4\" data-element_type=\"widget\" data-widget_type=\"google_maps.default\">\n\t\t\t\t<div class=\"elementor-widget-container\">\n\t\t\t\t\t<div class=\"elementor-custom-embed\">\n\t\t\t<div class=\"BorlabsCookie _brlbs-cb-googlemaps\"><div class=\"_brlbs-content-blocker\"> <div class=\"_brlbs-embed _brlbs-google-maps\"> <img decoding=\"async\" class=\"_brlbs-thumbnail\" src=\"https:\/\/ihrpflegeteam-gruenheide.de\/wp-content\/plugins\/borlabs-cookie\/assets\/images\/cb-maps.png\" alt=\"Google Maps\"> <div class=\"_brlbs-caption\"> <p>Mit dem Laden der Karte akzeptieren Sie die Datenschutzerkl\u00e4rung von Google.<br><a href=\"https:\/\/policies.google.com\/privacy\" target=\"_blank\" rel=\"nofollow noopener noreferrer\">Mehr erfahren<\/a><\/p> <p><a class=\"_brlbs-btn\" href=\"#\" data-borlabs-cookie-unblock role=\"button\">Karte laden<\/a><\/p> <p><label><input type=\"checkbox\" name=\"unblockAll\" value=\"1\" checked> <small>Google Maps immer entsperren<\/small><\/label><\/p> <\/div> <\/div> <\/div><div class=\"borlabs-hide\" data-borlabs-cookie-type=\"content-blocker\" data-borlabs-cookie-id=\"googlemaps\"><script type=\"text\/template\">PGlmcmFtZSBsb2FkaW5nPSJsYXp5IgoJCQkJCXNyYz0iaHR0cHM6Ly9tYXBzLmdvb2dsZS5jb20vbWFwcz9xPUthci1NYXJ4LVN0cmElQzMlOUZlJTIwMjglMkMlMjAxNTUzNyUyMEdyJUMzJUJDbmhlaWRlJiMwMzg7dD1tJiMwMzg7ej0xNCYjMDM4O291dHB1dD1lbWJlZCYjMDM4O2l3bG9jPW5lYXIiCgkJCQkJdGl0bGU9Ikthci1NYXJ4LVN0cmHDn2UgMjgsIDE1NTM3IEdyw7xuaGVpZGUiCgkJCQkJYXJpYS1sYWJlbD0iS2FyLU1hcngtU3RyYcOfZSAyOCwgMTU1MzcgR3LDvG5oZWlkZSIKCQkJPjwvaWZyYW1lPg==<\/script><\/div><\/div>\n\t\t<\/div>\n\t\t\t\t<\/div>\n\t\t\t\t<\/div>\n\t\t\t\t<div class=\"elementor-element elementor-element-5725150 elementor-widget elementor-widget-heading\" data-id=\"5725150\" data-element_type=\"widget\" data-widget_type=\"heading.default\">\n\t\t\t\t<div class=\"elementor-widget-container\">\n\t\t\t<h2 class=\"elementor-heading-title elementor-size-default\">Wir sind gern f\u00fcr Sie da!<\/h2>\t\t<\/div>\n\t\t\t\t<\/div>\n\t\t\t\t<div class=\"elementor-element elementor-element-15f3073 elementor-icon-list--layout-traditional elementor-list-item-link-full_width elementor-widget elementor-widget-icon-list\" data-id=\"15f3073\" data-element_type=\"widget\" data-widget_type=\"icon-list.default\">\n\t\t\t\t<div class=\"elementor-widget-container\">\n\t\t\t\t\t<ul class=\"elementor-icon-list-items\">\n\t\t\t\t\t\t\t<li class=\"elementor-icon-list-item\">\n\t\t\t\t\t\t\t\t\t\t\t<span class=\"elementor-icon-list-icon\">\n\t\t\t\t\t\t\t<i aria-hidden=\"true\" class=\"icon icon-phone1\"><\/i>\t\t\t\t\t\t<\/span>\n\t\t\t\t\t\t\t\t\t\t<span class=\"elementor-icon-list-text\">03362 8808 531<\/span>\n\t\t\t\t\t\t\t\t\t<\/li>\n\t\t\t\t\t\t\t\t<li class=\"elementor-icon-list-item\">\n\t\t\t\t\t\t\t\t\t\t\t<a href=\"mailto:h.viehoefer@ihrpflegteam-gruenheide.de\">\n\n\t\t\t\t\t\t\t\t\t\t\t\t<span class=\"elementor-icon-list-icon\">\n\t\t\t\t\t\t\t<i aria-hidden=\"true\" class=\"icon icon-email\"><\/i>\t\t\t\t\t\t<\/span>\n\t\t\t\t\t\t\t\t\t\t<span class=\"elementor-icon-list-text\">h.viehoefer@ihrpflegeteam-gruenheide.de<\/span>\n\t\t\t\t\t\t\t\t\t\t\t<\/a>\n\t\t\t\t\t\t\t\t\t<\/li>\n\t\t\t\t\t\t<\/ul>\n\t\t\t\t<\/div>\n\t\t\t\t<\/div>\n\t\t\t\t<div class=\"elementor-element elementor-element-462ecdd elementor-icon-list--layout-traditional elementor-list-item-link-full_width elementor-widget elementor-widget-icon-list\" data-id=\"462ecdd\" data-element_type=\"widget\" data-widget_type=\"icon-list.default\">\n\t\t\t\t<div class=\"elementor-widget-container\">\n\t\t\t\t\t<ul class=\"elementor-icon-list-items\">\n\t\t\t\t\t\t\t<li class=\"elementor-icon-list-item\">\n\t\t\t\t\t\t\t\t\t\t\t<span class=\"elementor-icon-list-icon\">\n\t\t\t\t\t\t\t<i aria-hidden=\"true\" class=\"icon icon-map-marker1\"><\/i>\t\t\t\t\t\t<\/span>\n\t\t\t\t\t\t\t\t\t\t<span class=\"elementor-icon-list-text\">Karl-Marx-Str. 28<br>15537 Gr\u00fcnheide<\/span>\n\t\t\t\t\t\t\t\t\t<\/li>\n\t\t\t\t\t\t<\/ul>\n\t\t\t\t<\/div>\n\t\t\t\t<\/div>\n\t\t\t\t<div class=\"elementor-element elementor-element-9bbfbba elementor-icon-list--layout-traditional elementor-list-item-link-full_width elementor-widget elementor-widget-icon-list\" data-id=\"9bbfbba\" data-element_type=\"widget\" data-widget_type=\"icon-list.default\">\n\t\t\t\t<div class=\"elementor-widget-container\">\n\t\t\t\t\t<ul class=\"elementor-icon-list-items\">\n\t\t\t\t\t\t\t<li class=\"elementor-icon-list-item\">\n\t\t\t\t\t\t\t\t\t\t\t<span class=\"elementor-icon-list-icon\">\n\t\t\t\t\t\t\t<i aria-hidden=\"true\" class=\"icon icon-clock2\"><\/i>\t\t\t\t\t\t<\/span>\n\t\t\t\t\t\t\t\t\t\t<span class=\"elementor-icon-list-text\">B\u00fcrozeiten<br>08:00 - 15:00 Uhr<\/span>\n\t\t\t\t\t\t\t\t\t<\/li>\n\t\t\t\t\t\t<\/ul>\n\t\t\t\t<\/div>\n\t\t\t\t<\/div>\n\t\t\t\t\t<\/div>\n\t\t<\/div>\n\t\t\t\t\t<\/div>\n\t\t<\/section>\n\t\t<div class=\"elementor-element elementor-element-beac1f4 e-flex e-con-boxed e-con e-parent\" data-id=\"beac1f4\" data-element_type=\"container\">\n\t\t\t\t\t<div class=\"e-con-inner\">\n\t\t\t\t<div class=\"elementor-element elementor-element-f32ad04 elementor-widget elementor-widget-spacer\" data-id=\"f32ad04\" data-element_type=\"widget\" data-widget_type=\"spacer.default\">\n\t\t\t\t<div class=\"elementor-widget-container\">\n\t\t\t\t\t<div class=\"elementor-spacer\">\n\t\t\t<div class=\"elementor-spacer-inner\"><\/div>\n\t\t<\/div>\n\t\t\t\t<\/div>\n\t\t\t\t<\/div>\n\t\t\t\t\t<\/div>\n\t\t\t\t<\/div>\n\t\t<div class=\"elementor-element elementor-element-5968f6c1 e-flex e-con-boxed e-con e-parent\" data-id=\"5968f6c1\" data-element_type=\"container\">\n\t\t\t\t\t<div class=\"e-con-inner\">\n\t\t\t\t\t<\/div>\n\t\t\t\t<\/div>\n\t\t<div class=\"elementor-element elementor-element-cc6c40e e-flex e-con-boxed e-con e-parent\" data-id=\"cc6c40e\" data-element_type=\"container\">\n\t\t\t\t\t<div class=\"e-con-inner\">\n\t\t<div class=\"elementor-element elementor-element-50df26b9 e-con-full e-flex e-con e-child\" data-id=\"50df26b9\" data-element_type=\"container\" data-settings=\"{&quot;background_background&quot;:&quot;classic&quot;}\">\n\t\t\t\t<div class=\"elementor-element elementor-element-f5d368a premium-svg-animated-yes elementor-widget elementor-widget-premium-svg-drawer\" data-id=\"f5d368a\" data-element_type=\"widget\" data-settings=\"{&quot;scroll_action&quot;:&quot;automatic&quot;,&quot;animate_start_point&quot;:{&quot;unit&quot;:&quot;%&quot;,&quot;size&quot;:20,&quot;sizes&quot;:[]},&quot;animate_trigger&quot;:&quot;custom&quot;,&quot;animate_offset&quot;:{&quot;unit&quot;:&quot;%&quot;,&quot;size&quot;:90,&quot;sizes&quot;:[]},&quot;frames&quot;:5,&quot;anim_rev&quot;:&quot;yes&quot;}\" data-widget_type=\"premium-svg-drawer.default\">\n\t\t\t\t<div class=\"elementor-widget-container\">\n\t\t\t\n\t\t\t<div class=\"premium-svg-draw elementor-invisible\">\n\n\t\t\t\t\n\t\t\t\t\n\t\t\t\t\t\t\t\t\t\t<i id=\"premium-svg-icon-f5d368a\" class=\"premium-svg-icon fas fa-hand-holding-heart\" aria-hidden=\"true\" data-start=\"manual\"><\/i>\n\t\t\t\t\n\t\t\t\t\n\t\t\t<\/div>\n\n\t\t\t\t<\/div>\n\t\t\t\t<\/div>\n\t\t\t\t<div class=\"elementor-element elementor-element-3120fc80 premium-title-color elementor-widget elementor-widget-premium-addon-title\" data-id=\"3120fc80\" data-element_type=\"widget\" data-widget_type=\"premium-addon-title.default\">\n\t\t\t\t<div class=\"elementor-widget-container\">\n\t\t\t\n\t\t<div class=\"premium-title-container style1\">\n\t\t\t<h3 class=\"premium-title-header premium-title-style1\">\n\t\t\t\t\n\t\t\t\t\n\t\t\t\t\t\t\t\t\t\t\t\t<span class=\"premium-title-text\" >\n\t\t\t\t\tIhre Ansprechpartner\t\t\t\t<\/span>\n\t\t\t\t\t\n\t\t\t\t\t\t\t\t\t\t\t<\/h3>\n\t\t<\/div>\n\n\t\t\t\t<\/div>\n\t\t\t\t<\/div>\n\t\t\t\t<\/div>\n\t\t<div class=\"elementor-element elementor-element-6690da30 e-con-full e-flex e-con e-child\" data-id=\"6690da30\" data-element_type=\"container\" data-settings=\"{&quot;background_background&quot;:&quot;classic&quot;}\">\n\t\t\t\t<div class=\"elementor-element elementor-element-6150b91e premium-title-color elementor-widget elementor-widget-premium-addon-title\" data-id=\"6150b91e\" data-element_type=\"widget\" data-widget_type=\"premium-addon-title.default\">\n\t\t\t\t<div class=\"elementor-widget-container\">\n\t\t\t\n\t\t<div class=\"premium-title-container style1\">\n\t\t\t<h3 class=\"premium-title-header premium-title-style1\">\n\t\t\t\t\n\t\t\t\t\n\t\t\t\t\t\t\t\t\t\t\t\t<span class=\"premium-title-text\" >\n\t\t\t\t\tInhaberin\t\t\t\t<\/span>\n\t\t\t\t\t\n\t\t\t\t\t\t\t\t\t\t\t<\/h3>\n\t\t<\/div>\n\n\t\t\t\t<\/div>\n\t\t\t\t<\/div>\n\t\t\t\t<div class=\"elementor-element elementor-element-323fc6c elementor-widget elementor-widget-text-editor\" data-id=\"323fc6c\" data-element_type=\"widget\" data-widget_type=\"text-editor.default\">\n\t\t\t\t<div class=\"elementor-widget-container\">\n\t\t\t\t\t\t\t<p>Heike Vieh\u00f6fer<\/p><p>Ich stehe Ihnen gern von Montag bis Freitag in der Zeit von 08:00 Uhr bis 15:00 Uhr zur Verf\u00fcgung.<\/p>\t\t\t\t\t\t<\/div>\n\t\t\t\t<\/div>\n\t\t\t\t<\/div>\n\t\t<div class=\"elementor-element elementor-element-4b7474c2 e-con-full e-flex e-con e-child\" data-id=\"4b7474c2\" data-element_type=\"container\" data-settings=\"{&quot;background_background&quot;:&quot;classic&quot;}\">\n\t\t\t\t<div class=\"elementor-element elementor-element-3f348ba9 premium-title-color elementor-widget elementor-widget-premium-addon-title\" data-id=\"3f348ba9\" data-element_type=\"widget\" data-widget_type=\"premium-addon-title.default\">\n\t\t\t\t<div class=\"elementor-widget-container\">\n\t\t\t\n\t\t<div class=\"premium-title-container style1\">\n\t\t\t<h3 class=\"premium-title-header premium-title-style1\">\n\t\t\t\t\n\t\t\t\t\n\t\t\t\t\t\t\t\t\t\t\t\t<span class=\"premium-title-text\" >\n\t\t\t\t\tPflegedienstleitung\t\t\t\t<\/span>\n\t\t\t\t\t\n\t\t\t\t\t\t\t\t\t\t\t<\/h3>\n\t\t<\/div>\n\n\t\t\t\t<\/div>\n\t\t\t\t<\/div>\n\t\t\t\t<div class=\"elementor-element elementor-element-9f182ba elementor-widget elementor-widget-text-editor\" data-id=\"9f182ba\" data-element_type=\"widget\" data-widget_type=\"text-editor.default\">\n\t\t\t\t<div class=\"elementor-widget-container\">\n\t\t\t\t\t\t\t<p>Heike Vieh\u00f6fer<\/p>\t\t\t\t\t\t<\/div>\n\t\t\t\t<\/div>\n\t\t\t\t<\/div>\n\t\t\t\t\t<\/div>\n\t\t\t\t<\/div>\n\t\t<div class=\"elementor-element elementor-element-4238ce3f e-flex e-con-boxed e-con e-parent\" data-id=\"4238ce3f\" data-element_type=\"container\">\n\t\t\t\t\t<div class=\"e-con-inner\">\n\t\t<div class=\"elementor-element elementor-element-177b1bfa e-con-full e-flex e-con e-child\" data-id=\"177b1bfa\" data-element_type=\"container\" data-settings=\"{&quot;background_background&quot;:&quot;classic&quot;}\">\n\t\t\t\t<div class=\"elementor-element elementor-element-523d49c1 premium-title-color elementor-widget elementor-widget-premium-addon-title\" data-id=\"523d49c1\" data-element_type=\"widget\" data-widget_type=\"premium-addon-title.default\">\n\t\t\t\t<div class=\"elementor-widget-container\">\n\t\t\t\n\t\t<div class=\"premium-title-container style1\">\n\t\t\t<h3 class=\"premium-title-header premium-title-style1\">\n\t\t\t\t\n\t\t\t\t\n\t\t\t\t\t\t\t\t\t\t\t\t<span class=\"premium-title-text\" >\n\t\t\t\t\tStellvertretende Pflegedienstleitung\t\t\t\t<\/span>\n\t\t\t\t\t\n\t\t\t\t\t\t\t\t\t\t\t<\/h3>\n\t\t<\/div>\n\n\t\t\t\t<\/div>\n\t\t\t\t<\/div>\n\t\t\t\t<div class=\"elementor-element elementor-element-23a6c8f elementor-widget elementor-widget-text-editor\" data-id=\"23a6c8f\" data-element_type=\"widget\" data-widget_type=\"text-editor.default\">\n\t\t\t\t<div class=\"elementor-widget-container\">\n\t\t\t\t\t\t\t<p>Franziska Kendzia<\/p>\t\t\t\t\t\t<\/div>\n\t\t\t\t<\/div>\n\t\t\t\t<\/div>\n\t\t<div class=\"elementor-element elementor-element-5573f238 e-con-full e-flex e-con e-child\" data-id=\"5573f238\" data-element_type=\"container\" data-settings=\"{&quot;background_background&quot;:&quot;classic&quot;}\">\n\t\t\t\t<div class=\"elementor-element elementor-element-0ee3420 elementor-widget elementor-widget-spacer\" data-id=\"0ee3420\" data-element_type=\"widget\" data-widget_type=\"spacer.default\">\n\t\t\t\t<div class=\"elementor-widget-container\">\n\t\t\t\t\t<div class=\"elementor-spacer\">\n\t\t\t<div class=\"elementor-spacer-inner\"><\/div>\n\t\t<\/div>\n\t\t\t\t<\/div>\n\t\t\t\t<\/div>\n\t\t\t\t<\/div>\n\t\t\t\t\t<\/div>\n\t\t\t\t<\/div>\n\t\t<div class=\"elementor-element elementor-element-c3c627d e-flex e-con-boxed e-con e-parent\" data-id=\"c3c627d\" data-element_type=\"container\">\n\t\t\t\t\t<div class=\"e-con-inner\">\n\t\t\t\t<div class=\"elementor-element elementor-element-7da3879 elementor-widget elementor-widget-text-editor\" data-id=\"7da3879\" data-element_type=\"widget\" data-widget_type=\"text-editor.default\">\n\t\t\t\t<div class=\"elementor-widget-container\">\n\t\t\t\t\t\t\t<p>Lorem ipsum dolor sit amet, consectetur adipiscing elit. Ut elit tellus, luctus nec ullamcorper mattis, pulvinar dapibus leo.<\/p>\t\t\t\t\t\t<\/div>\n\t\t\t\t<\/div>\n\t\t\t\t\t<\/div>\n\t\t\t\t<\/div>\n\t\t\t\t<\/div>\n\t\t","protected":false},"excerpt":{"rendered":"<p>Mit dem Laden der Karte akzeptieren Sie die Datenschutzerkl\u00e4rung von Google.Mehr erfahren Karte laden Google Maps immer entsperren Wir sind gern f\u00fcr Sie da! 03362 8808 531 h.viehoefer@ihrpflegeteam-gruenheide.de Karl-Marx-Str. 2815537 Gr\u00fcnheide B\u00fcrozeiten08:00 &#8211; 15:00 Uhr Ihre Ansprechpartner Inhaberin Heike Vieh\u00f6fer Ich stehe Ihnen gern von Montag bis Freitag in der Zeit von 08:00 Uhr bis [&hellip;]<\/p>\n","protected":false},"author":1,"featured_media":0,"parent":0,"menu_order":0,"comment_status":"closed","ping_status":"closed","template":"","meta":{"footnotes":""},"class_list":["post-324","page","type-page","status-publish","hentry"],"yoast_head":"<!-- This site is optimized with the Yoast SEO plugin v23.9 - https:\/\/yoast.com\/wordpress\/plugins\/seo\/ -->\n<title>Kontakt - WordPress-Website<\/title>\n<meta name=\"robots\" content=\"index, follow, max-snippet:-1, max-image-preview:large, max-video-preview:-1\" \/>\n<link rel=\"canonical\" href=\"https:\/\/ihrpflegeteam-gruenheide.de\/?page_id=324\" \/>\n<meta property=\"og:locale\" content=\"de_DE\" \/>\n<meta property=\"og:type\" content=\"article\" \/>\n<meta property=\"og:title\" content=\"Kontakt - WordPress-Website\" \/>\n<meta property=\"og:description\" content=\"Mit dem Laden der Karte akzeptieren Sie die Datenschutzerkl\u00e4rung von Google.Mehr erfahren Karte laden Google Maps immer entsperren Wir sind gern f\u00fcr Sie da! 03362 8808 531 h.viehoefer@ihrpflegeteam-gruenheide.de Karl-Marx-Str. 2815537 Gr\u00fcnheide B\u00fcrozeiten08:00 &#8211; 15:00 Uhr Ihre Ansprechpartner Inhaberin Heike Vieh\u00f6fer Ich stehe Ihnen gern von Montag bis Freitag in der Zeit von 08:00 Uhr bis [&hellip;]\" \/>\n<meta property=\"og:url\" content=\"https:\/\/ihrpflegeteam-gruenheide.de\/?page_id=324\" \/>\n<meta property=\"og:site_name\" content=\"WordPress-Website\" \/>\n<meta property=\"article:modified_time\" content=\"2026-03-17T07:21:10+00:00\" \/>\n<meta name=\"twitter:card\" content=\"summary_large_image\" \/>\n<meta name=\"twitter:label1\" content=\"Gesch\u00e4tzte Lesezeit\" \/>\n\t<meta name=\"twitter:data1\" content=\"1\u00a0Minute\" \/>\n<script type=\"application\/ld+json\" class=\"yoast-schema-graph\">{\"@context\":\"https:\/\/schema.org\",\"@graph\":[{\"@type\":\"WebPage\",\"@id\":\"https:\/\/ihrpflegeteam-gruenheide.de\/?page_id=324\",\"url\":\"https:\/\/ihrpflegeteam-gruenheide.de\/?page_id=324\",\"name\":\"Kontakt - WordPress-Website\",\"isPartOf\":{\"@id\":\"https:\/\/ihrpflegeteam-gruenheide.de\/#website\"},\"datePublished\":\"2024-09-22T12:29:57+00:00\",\"dateModified\":\"2026-03-17T07:21:10+00:00\",\"breadcrumb\":{\"@id\":\"https:\/\/ihrpflegeteam-gruenheide.de\/?page_id=324#breadcrumb\"},\"inLanguage\":\"de\",\"potentialAction\":[{\"@type\":\"ReadAction\",\"target\":[\"https:\/\/ihrpflegeteam-gruenheide.de\/?page_id=324\"]}]},{\"@type\":\"BreadcrumbList\",\"@id\":\"https:\/\/ihrpflegeteam-gruenheide.de\/?page_id=324#breadcrumb\",\"itemListElement\":[{\"@type\":\"ListItem\",\"position\":1,\"name\":\"Startseite\",\"item\":\"https:\/\/ihrpflegeteam-gruenheide.de\/\"},{\"@type\":\"ListItem\",\"position\":2,\"name\":\"Kontakt\"}]},{\"@type\":\"WebSite\",\"@id\":\"https:\/\/ihrpflegeteam-gruenheide.de\/#website\",\"url\":\"https:\/\/ihrpflegeteam-gruenheide.de\/\",\"name\":\"WordPress-Website\",\"description\":\"\",\"potentialAction\":[{\"@type\":\"SearchAction\",\"target\":{\"@type\":\"EntryPoint\",\"urlTemplate\":\"https:\/\/ihrpflegeteam-gruenheide.de\/?s={search_term_string}\"},\"query-input\":{\"@type\":\"PropertyValueSpecification\",\"valueRequired\":true,\"valueName\":\"search_term_string\"}}],\"inLanguage\":\"de\"}]}<\/script>\n<!-- \/ Yoast SEO plugin. -->","yoast_head_json":{"title":"Kontakt - WordPress-Website","robots":{"index":"index","follow":"follow","max-snippet":"max-snippet:-1","max-image-preview":"max-image-preview:large","max-video-preview":"max-video-preview:-1"},"canonical":"https:\/\/ihrpflegeteam-gruenheide.de\/?page_id=324","og_locale":"de_DE","og_type":"article","og_title":"Kontakt - WordPress-Website","og_description":"Mit dem Laden der Karte akzeptieren Sie die Datenschutzerkl\u00e4rung von Google.Mehr erfahren Karte laden Google Maps immer entsperren Wir sind gern f\u00fcr Sie da! 03362 8808 531 h.viehoefer@ihrpflegeteam-gruenheide.de Karl-Marx-Str. 2815537 Gr\u00fcnheide B\u00fcrozeiten08:00 &#8211; 15:00 Uhr Ihre Ansprechpartner Inhaberin Heike Vieh\u00f6fer Ich stehe Ihnen gern von Montag bis Freitag in der Zeit von 08:00 Uhr bis [&hellip;]","og_url":"https:\/\/ihrpflegeteam-gruenheide.de\/?page_id=324","og_site_name":"WordPress-Website","article_modified_time":"2026-03-17T07:21:10+00:00","twitter_card":"summary_large_image","twitter_misc":{"Gesch\u00e4tzte Lesezeit":"1\u00a0Minute"},"schema":{"@context":"https:\/\/schema.org","@graph":[{"@type":"WebPage","@id":"https:\/\/ihrpflegeteam-gruenheide.de\/?page_id=324","url":"https:\/\/ihrpflegeteam-gruenheide.de\/?page_id=324","name":"Kontakt - WordPress-Website","isPartOf":{"@id":"https:\/\/ihrpflegeteam-gruenheide.de\/#website"},"datePublished":"2024-09-22T12:29:57+00:00","dateModified":"2026-03-17T07:21:10+00:00","breadcrumb":{"@id":"https:\/\/ihrpflegeteam-gruenheide.de\/?page_id=324#breadcrumb"},"inLanguage":"de","potentialAction":[{"@type":"ReadAction","target":["https:\/\/ihrpflegeteam-gruenheide.de\/?page_id=324"]}]},{"@type":"BreadcrumbList","@id":"https:\/\/ihrpflegeteam-gruenheide.de\/?page_id=324#breadcrumb","itemListElement":[{"@type":"ListItem","position":1,"name":"Startseite","item":"https:\/\/ihrpflegeteam-gruenheide.de\/"},{"@type":"ListItem","position":2,"name":"Kontakt"}]},{"@type":"WebSite","@id":"https:\/\/ihrpflegeteam-gruenheide.de\/#website","url":"https:\/\/ihrpflegeteam-gruenheide.de\/","name":"WordPress-Website","description":"","potentialAction":[{"@type":"SearchAction","target":{"@type":"EntryPoint","urlTemplate":"https:\/\/ihrpflegeteam-gruenheide.de\/?s={search_term_string}"},"query-input":{"@type":"PropertyValueSpecification","valueRequired":true,"valueName":"search_term_string"}}],"inLanguage":"de"}]}},"_links":{"self":[{"href":"https:\/\/ihrpflegeteam-gruenheide.de\/index.php?rest_route=\/wp\/v2\/pages\/324","targetHints":{"allow":["GET"]}}],"collection":[{"href":"https:\/\/ihrpflegeteam-gruenheide.de\/index.php?rest_route=\/wp\/v2\/pages"}],"about":[{"href":"https:\/\/ihrpflegeteam-gruenheide.de\/index.php?rest_route=\/wp\/v2\/types\/page"}],"author":[{"embeddable":true,"href":"https:\/\/ihrpflegeteam-gruenheide.de\/index.php?rest_route=\/wp\/v2\/users\/1"}],"replies":[{"embeddable":true,"href":"https:\/\/ihrpflegeteam-gruenheide.de\/index.php?rest_route=%2Fwp%2Fv2%2Fcomments&post=324"}],"version-history":[{"count":52,"href":"https:\/\/ihrpflegeteam-gruenheide.de\/index.php?rest_route=\/wp\/v2\/pages\/324\/revisions"}],"predecessor-version":[{"id":812,"href":"https:\/\/ihrpflegeteam-gruenheide.de\/index.php?rest_route=\/wp\/v2\/pages\/324\/revisions\/812"}],"wp:attachment":[{"href":"https:\/\/ihrpflegeteam-gruenheide.de\/index.php?rest_route=%2Fwp%2Fv2%2Fmedia&parent=324"}],"curies":[{"name":"wp","href":"https:\/\/api.w.org\/{rel}","templated":true}]}}