{"id":365,"date":"2024-09-22T13:57:50","date_gmt":"2024-09-22T13:57:50","guid":{"rendered":"https:\/\/ihrpflegeteam-gruenheide.de\/?page_id=365"},"modified":"2024-11-29T08:40:27","modified_gmt":"2024-11-29T08:40:27","slug":"versorgungsgebiete","status":"publish","type":"page","link":"https:\/\/ihrpflegeteam-gruenheide.de\/?page_id=365","title":{"rendered":"Versorgungsgebiete"},"content":{"rendered":"\t\t<div data-elementor-type=\"wp-page\" data-elementor-id=\"365\" class=\"elementor elementor-365\">\n\t\t\t\t\t\t<section class=\"elementor-section elementor-top-section elementor-element elementor-element-41ee2ef elementor-section-full_width elementor-section-height-min-height elementor-section-height-default elementor-section-items-middle\" data-id=\"41ee2ef\" data-element_type=\"section\" data-settings=\"{&quot;background_background&quot;:&quot;slideshow&quot;,&quot;background_slideshow_gallery&quot;:[{&quot;id&quot;:280,&quot;url&quot;:&quot;https:\\\/\\\/ihrpflegeteam-gruenheide.de\\\/wp-content\\\/uploads\\\/2024\\\/09\\\/shutterstock_2516048355-1-scaled.jpg&quot;}],&quot;background_slideshow_loop&quot;:&quot;yes&quot;,&quot;background_slideshow_slide_duration&quot;:5000,&quot;background_slideshow_slide_transition&quot;:&quot;fade&quot;,&quot;background_slideshow_transition_duration&quot;:500}\">\n\t\t\t\t\t\t<div class=\"elementor-container elementor-column-gap-default\">\n\t\t\t\t\t<div class=\"elementor-column elementor-col-50 elementor-top-column elementor-element elementor-element-0c6a0a7\" data-id=\"0c6a0a7\" data-element_type=\"column\" data-settings=\"{&quot;background_background&quot;:&quot;slideshow&quot;,&quot;background_slideshow_gallery&quot;:[],&quot;background_slideshow_loop&quot;:&quot;yes&quot;,&quot;background_slideshow_slide_duration&quot;:5000,&quot;background_slideshow_slide_transition&quot;:&quot;fade&quot;,&quot;background_slideshow_transition_duration&quot;:500}\">\n\t\t\t<div class=\"elementor-widget-wrap elementor-element-populated\">\n\t\t\t\t\t\t<div class=\"elementor-element elementor-element-1c0edbb elementor-widget elementor-widget-spacer\" data-id=\"1c0edbb\" data-element_type=\"widget\" data-widget_type=\"spacer.default\">\n\t\t\t\t<div class=\"elementor-widget-container\">\n\t\t\t\t\t<div class=\"elementor-spacer\">\n\t\t\t<div class=\"elementor-spacer-inner\"><\/div>\n\t\t<\/div>\n\t\t\t\t<\/div>\n\t\t\t\t<\/div>\n\t\t\t\t\t<\/div>\n\t\t<\/div>\n\t\t\t\t<div class=\"elementor-column elementor-col-50 elementor-top-column elementor-element elementor-element-4b645f1\" data-id=\"4b645f1\" data-element_type=\"column\" data-settings=\"{&quot;background_background&quot;:&quot;classic&quot;}\">\n\t\t\t<div class=\"elementor-widget-wrap elementor-element-populated\">\n\t\t\t\t\t\t<div class=\"elementor-element elementor-element-7b75ff1 elementor-widget elementor-widget-heading\" data-id=\"7b75ff1\" data-element_type=\"widget\" data-widget_type=\"heading.default\">\n\t\t\t\t<div class=\"elementor-widget-container\">\n\t\t\t<h2 class=\"elementor-heading-title elementor-size-default\">Hier sind wir f\u00fcr Sie im Einsatz<\/h2>\t\t<\/div>\n\t\t\t\t<\/div>\n\t\t\t\t<div class=\"elementor-element elementor-element-691d453 elementor-icon-list--layout-inline elementor-list-item-link-full_width elementor-widget elementor-widget-icon-list\" data-id=\"691d453\" data-element_type=\"widget\" data-widget_type=\"icon-list.default\">\n\t\t\t\t<div class=\"elementor-widget-container\">\n\t\t\t\t\t<ul class=\"elementor-icon-list-items elementor-inline-items\">\n\t\t\t\t\t\t\t<li class=\"elementor-icon-list-item elementor-inline-item\">\n\t\t\t\t\t\t\t\t\t\t\t<span class=\"elementor-icon-list-icon\">\n\t\t\t\t\t\t\t<i aria-hidden=\"true\" class=\"fas fa-map-marker-alt\"><\/i>\t\t\t\t\t\t<\/span>\n\t\t\t\t\t\t\t\t\t\t<span class=\"elementor-icon-list-text\">Gr\u00fcnheide<\/span>\n\t\t\t\t\t\t\t\t\t<\/li>\n\t\t\t\t\t\t\t\t<li class=\"elementor-icon-list-item elementor-inline-item\">\n\t\t\t\t\t\t\t\t\t\t\t<span class=\"elementor-icon-list-icon\">\n\t\t\t\t\t\t\t<i aria-hidden=\"true\" class=\"fas fa-map-marker-alt\"><\/i>\t\t\t\t\t\t<\/span>\n\t\t\t\t\t\t\t\t\t\t<span class=\"elementor-icon-list-text\">M\u00f6llensee<\/span>\n\t\t\t\t\t\t\t\t\t<\/li>\n\t\t\t\t\t\t\t\t<li class=\"elementor-icon-list-item elementor-inline-item\">\n\t\t\t\t\t\t\t\t\t\t\t<span class=\"elementor-icon-list-icon\">\n\t\t\t\t\t\t\t<i aria-hidden=\"true\" class=\"fas fa-map-marker-alt\"><\/i>\t\t\t\t\t\t<\/span>\n\t\t\t\t\t\t\t\t\t\t<span class=\"elementor-icon-list-text\">Kagel<\/span>\n\t\t\t\t\t\t\t\t\t<\/li>\n\t\t\t\t\t\t\t\t<li class=\"elementor-icon-list-item elementor-inline-item\">\n\t\t\t\t\t\t\t\t\t\t\t<span class=\"elementor-icon-list-icon\">\n\t\t\t\t\t\t\t<i aria-hidden=\"true\" class=\"fas fa-map-marker-alt\"><\/i>\t\t\t\t\t\t<\/span>\n\t\t\t\t\t\t\t\t\t\t<span class=\"elementor-icon-list-text\">Finkenstein<\/span>\n\t\t\t\t\t\t\t\t\t<\/li>\n\t\t\t\t\t\t\t\t<li class=\"elementor-icon-list-item elementor-inline-item\">\n\t\t\t\t\t\t\t\t\t\t\t<span class=\"elementor-icon-list-icon\">\n\t\t\t\t\t\t\t<i aria-hidden=\"true\" class=\"fas fa-map-marker-alt\"><\/i>\t\t\t\t\t\t<\/span>\n\t\t\t\t\t\t\t\t\t\t<span class=\"elementor-icon-list-text\">Hangelsberg<\/span>\n\t\t\t\t\t\t\t\t\t<\/li>\n\t\t\t\t\t\t\t\t<li class=\"elementor-icon-list-item elementor-inline-item\">\n\t\t\t\t\t\t\t\t\t\t\t<span class=\"elementor-icon-list-icon\">\n\t\t\t\t\t\t\t<i aria-hidden=\"true\" class=\"fas fa-map-marker-alt\"><\/i>\t\t\t\t\t\t<\/span>\n\t\t\t\t\t\t\t\t\t\t<span class=\"elementor-icon-list-text\">Spreenhagen<\/span>\n\t\t\t\t\t\t\t\t\t<\/li>\n\t\t\t\t\t\t\t\t<li class=\"elementor-icon-list-item elementor-inline-item\">\n\t\t\t\t\t\t\t\t\t\t\t<span class=\"elementor-icon-list-icon\">\n\t\t\t\t\t\t\t<i aria-hidden=\"true\" class=\"fas fa-map-marker-alt\"><\/i>\t\t\t\t\t\t<\/span>\n\t\t\t\t\t\t\t\t\t\t<span class=\"elementor-icon-list-text\">Hartmannsdorf<\/span>\n\t\t\t\t\t\t\t\t\t<\/li>\n\t\t\t\t\t\t\t\t<li class=\"elementor-icon-list-item elementor-inline-item\">\n\t\t\t\t\t\t\t\t\t\t\t<span class=\"elementor-icon-list-icon\">\n\t\t\t\t\t\t\t<i aria-hidden=\"true\" class=\"fas fa-map-marker-alt\"><\/i>\t\t\t\t\t\t<\/span>\n\t\t\t\t\t\t\t\t\t\t<span class=\"elementor-icon-list-text\">Spreeau<\/span>\n\t\t\t\t\t\t\t\t\t<\/li>\n\t\t\t\t\t\t\t\t<li class=\"elementor-icon-list-item elementor-inline-item\">\n\t\t\t\t\t\t\t\t\t\t\t<span class=\"elementor-icon-list-icon\">\n\t\t\t\t\t\t\t<i aria-hidden=\"true\" class=\"fas fa-map-marker-alt\"><\/i>\t\t\t\t\t\t<\/span>\n\t\t\t\t\t\t\t\t\t\t<span class=\"elementor-icon-list-text\">Spreewerder<\/span>\n\t\t\t\t\t\t\t\t\t<\/li>\n\t\t\t\t\t\t\t\t<li class=\"elementor-icon-list-item elementor-inline-item\">\n\t\t\t\t\t\t\t\t\t\t\t<span class=\"elementor-icon-list-icon\">\n\t\t\t\t\t\t\t<i aria-hidden=\"true\" class=\"fas fa-map-marker-alt\"><\/i>\t\t\t\t\t\t<\/span>\n\t\t\t\t\t\t\t\t\t\t<span class=\"elementor-icon-list-text\">Freienbrink<\/span>\n\t\t\t\t\t\t\t\t\t<\/li>\n\t\t\t\t\t\t<\/ul>\n\t\t\t\t<\/div>\n\t\t\t\t<\/div>\n\t\t\t\t\t<\/div>\n\t\t<\/div>\n\t\t\t\t\t<\/div>\n\t\t<\/section>\n\t\t<div class=\"elementor-element elementor-element-73e75f62 e-flex e-con-boxed e-con e-parent\" data-id=\"73e75f62\" data-element_type=\"container\">\n\t\t\t\t\t<div class=\"e-con-inner\">\n\t\t<div class=\"elementor-element elementor-element-329e25a7 e-con-full e-flex e-con e-child\" data-id=\"329e25a7\" data-element_type=\"container\">\n\t\t\t\t<div class=\"elementor-element elementor-element-33b35f41 elementor-widget elementor-widget-heading\" data-id=\"33b35f41\" data-element_type=\"widget\" data-widget_type=\"heading.default\">\n\t\t\t\t<div class=\"elementor-widget-container\">\n\t\t\t<h2 class=\"elementor-heading-title elementor-size-default\">Ihr Pflegeteam rund um Gr\u00fcnheide<\/h2>\t\t<\/div>\n\t\t\t\t<\/div>\n\t\t\t\t<div class=\"elementor-element elementor-element-5745032f elementor-widget elementor-widget-text-editor\" data-id=\"5745032f\" data-element_type=\"widget\" data-widget_type=\"text-editor.default\">\n\t\t\t\t<div class=\"elementor-widget-container\">\n\t\t\t\t\t\t\t<p>Mit einem 17-k\u00f6pfigen Team sind wir seit nunmehr 6 Jahren f\u00fcr Sie und Ihre pflegebed\u00fcrftigen Angeh\u00f6rigen im Einsatz. <br \/><br \/>Zurzeit k\u00fcmmern wir uns um etwa 200 Klienten.<br \/><br \/><br \/><\/p>\t\t\t\t\t\t<\/div>\n\t\t\t\t<\/div>\n\t\t\t\t<\/div>\n\t\t\t\t\t<\/div>\n\t\t\t\t<\/div>\n\t\t\t\t<\/div>\n\t\t","protected":false},"excerpt":{"rendered":"<p>Hier sind wir f\u00fcr Sie im Einsatz Gr\u00fcnheide M\u00f6llensee Kagel Finkenstein Hangelsberg Spreenhagen Hartmannsdorf Spreeau Spreewerder Freienbrink Ihr Pflegeteam rund um Gr\u00fcnheide Mit einem 17-k\u00f6pfigen Team sind wir seit nunmehr 6 Jahren f\u00fcr Sie und Ihre pflegebed\u00fcrftigen Angeh\u00f6rigen im Einsatz. Zurzeit k\u00fcmmern wir uns um etwa 200 Klienten.<\/p>\n","protected":false},"author":1,"featured_media":0,"parent":0,"menu_order":0,"comment_status":"closed","ping_status":"closed","template":"","meta":{"footnotes":""},"class_list":["post-365","page","type-page","status-publish","hentry"],"yoast_head":"<!-- This site is optimized with the Yoast SEO plugin v23.9 - https:\/\/yoast.com\/wordpress\/plugins\/seo\/ -->\n<title>Versorgungsgebiete - WordPress-Website<\/title>\n<meta name=\"robots\" content=\"index, follow, max-snippet:-1, max-image-preview:large, max-video-preview:-1\" \/>\n<link rel=\"canonical\" href=\"https:\/\/ihrpflegeteam-gruenheide.de\/?page_id=365\" \/>\n<meta property=\"og:locale\" content=\"de_DE\" \/>\n<meta property=\"og:type\" content=\"article\" \/>\n<meta property=\"og:title\" content=\"Versorgungsgebiete - WordPress-Website\" \/>\n<meta property=\"og:description\" content=\"Hier sind wir f\u00fcr Sie im Einsatz Gr\u00fcnheide M\u00f6llensee Kagel Finkenstein Hangelsberg Spreenhagen Hartmannsdorf Spreeau Spreewerder Freienbrink Ihr Pflegeteam rund um Gr\u00fcnheide Mit einem 17-k\u00f6pfigen Team sind wir seit nunmehr 6 Jahren f\u00fcr Sie und Ihre pflegebed\u00fcrftigen Angeh\u00f6rigen im Einsatz. Zurzeit k\u00fcmmern wir uns um etwa 200 Klienten.\" \/>\n<meta property=\"og:url\" content=\"https:\/\/ihrpflegeteam-gruenheide.de\/?page_id=365\" \/>\n<meta property=\"og:site_name\" content=\"WordPress-Website\" \/>\n<meta property=\"article:modified_time\" content=\"2024-11-29T08:40:27+00:00\" \/>\n<meta name=\"twitter:card\" content=\"summary_large_image\" \/>\n<meta name=\"twitter:label1\" content=\"Gesch\u00e4tzte Lesezeit\" \/>\n\t<meta name=\"twitter:data1\" content=\"1\u00a0Minute\" \/>\n<script type=\"application\/ld+json\" class=\"yoast-schema-graph\">{\"@context\":\"https:\/\/schema.org\",\"@graph\":[{\"@type\":\"WebPage\",\"@id\":\"https:\/\/ihrpflegeteam-gruenheide.de\/?page_id=365\",\"url\":\"https:\/\/ihrpflegeteam-gruenheide.de\/?page_id=365\",\"name\":\"Versorgungsgebiete - WordPress-Website\",\"isPartOf\":{\"@id\":\"https:\/\/ihrpflegeteam-gruenheide.de\/#website\"},\"datePublished\":\"2024-09-22T13:57:50+00:00\",\"dateModified\":\"2024-11-29T08:40:27+00:00\",\"breadcrumb\":{\"@id\":\"https:\/\/ihrpflegeteam-gruenheide.de\/?page_id=365#breadcrumb\"},\"inLanguage\":\"de\",\"potentialAction\":[{\"@type\":\"ReadAction\",\"target\":[\"https:\/\/ihrpflegeteam-gruenheide.de\/?page_id=365\"]}]},{\"@type\":\"BreadcrumbList\",\"@id\":\"https:\/\/ihrpflegeteam-gruenheide.de\/?page_id=365#breadcrumb\",\"itemListElement\":[{\"@type\":\"ListItem\",\"position\":1,\"name\":\"Startseite\",\"item\":\"https:\/\/ihrpflegeteam-gruenheide.de\/\"},{\"@type\":\"ListItem\",\"position\":2,\"name\":\"Versorgungsgebiete\"}]},{\"@type\":\"WebSite\",\"@id\":\"https:\/\/ihrpflegeteam-gruenheide.de\/#website\",\"url\":\"https:\/\/ihrpflegeteam-gruenheide.de\/\",\"name\":\"WordPress-Website\",\"description\":\"\",\"potentialAction\":[{\"@type\":\"SearchAction\",\"target\":{\"@type\":\"EntryPoint\",\"urlTemplate\":\"https:\/\/ihrpflegeteam-gruenheide.de\/?s={search_term_string}\"},\"query-input\":{\"@type\":\"PropertyValueSpecification\",\"valueRequired\":true,\"valueName\":\"search_term_string\"}}],\"inLanguage\":\"de\"}]}<\/script>\n<!-- \/ Yoast SEO plugin. -->","yoast_head_json":{"title":"Versorgungsgebiete - WordPress-Website","robots":{"index":"index","follow":"follow","max-snippet":"max-snippet:-1","max-image-preview":"max-image-preview:large","max-video-preview":"max-video-preview:-1"},"canonical":"https:\/\/ihrpflegeteam-gruenheide.de\/?page_id=365","og_locale":"de_DE","og_type":"article","og_title":"Versorgungsgebiete - WordPress-Website","og_description":"Hier sind wir f\u00fcr Sie im Einsatz Gr\u00fcnheide M\u00f6llensee Kagel Finkenstein Hangelsberg Spreenhagen Hartmannsdorf Spreeau Spreewerder Freienbrink Ihr Pflegeteam rund um Gr\u00fcnheide Mit einem 17-k\u00f6pfigen Team sind wir seit nunmehr 6 Jahren f\u00fcr Sie und Ihre pflegebed\u00fcrftigen Angeh\u00f6rigen im Einsatz. Zurzeit k\u00fcmmern wir uns um etwa 200 Klienten.","og_url":"https:\/\/ihrpflegeteam-gruenheide.de\/?page_id=365","og_site_name":"WordPress-Website","article_modified_time":"2024-11-29T08:40:27+00:00","twitter_card":"summary_large_image","twitter_misc":{"Gesch\u00e4tzte Lesezeit":"1\u00a0Minute"},"schema":{"@context":"https:\/\/schema.org","@graph":[{"@type":"WebPage","@id":"https:\/\/ihrpflegeteam-gruenheide.de\/?page_id=365","url":"https:\/\/ihrpflegeteam-gruenheide.de\/?page_id=365","name":"Versorgungsgebiete - WordPress-Website","isPartOf":{"@id":"https:\/\/ihrpflegeteam-gruenheide.de\/#website"},"datePublished":"2024-09-22T13:57:50+00:00","dateModified":"2024-11-29T08:40:27+00:00","breadcrumb":{"@id":"https:\/\/ihrpflegeteam-gruenheide.de\/?page_id=365#breadcrumb"},"inLanguage":"de","potentialAction":[{"@type":"ReadAction","target":["https:\/\/ihrpflegeteam-gruenheide.de\/?page_id=365"]}]},{"@type":"BreadcrumbList","@id":"https:\/\/ihrpflegeteam-gruenheide.de\/?page_id=365#breadcrumb","itemListElement":[{"@type":"ListItem","position":1,"name":"Startseite","item":"https:\/\/ihrpflegeteam-gruenheide.de\/"},{"@type":"ListItem","position":2,"name":"Versorgungsgebiete"}]},{"@type":"WebSite","@id":"https:\/\/ihrpflegeteam-gruenheide.de\/#website","url":"https:\/\/ihrpflegeteam-gruenheide.de\/","name":"WordPress-Website","description":"","potentialAction":[{"@type":"SearchAction","target":{"@type":"EntryPoint","urlTemplate":"https:\/\/ihrpflegeteam-gruenheide.de\/?s={search_term_string}"},"query-input":{"@type":"PropertyValueSpecification","valueRequired":true,"valueName":"search_term_string"}}],"inLanguage":"de"}]}},"_links":{"self":[{"href":"https:\/\/ihrpflegeteam-gruenheide.de\/index.php?rest_route=\/wp\/v2\/pages\/365","targetHints":{"allow":["GET"]}}],"collection":[{"href":"https:\/\/ihrpflegeteam-gruenheide.de\/index.php?rest_route=\/wp\/v2\/pages"}],"about":[{"href":"https:\/\/ihrpflegeteam-gruenheide.de\/index.php?rest_route=\/wp\/v2\/types\/page"}],"author":[{"embeddable":true,"href":"https:\/\/ihrpflegeteam-gruenheide.de\/index.php?rest_route=\/wp\/v2\/users\/1"}],"replies":[{"embeddable":true,"href":"https:\/\/ihrpflegeteam-gruenheide.de\/index.php?rest_route=%2Fwp%2Fv2%2Fcomments&post=365"}],"version-history":[{"count":13,"href":"https:\/\/ihrpflegeteam-gruenheide.de\/index.php?rest_route=\/wp\/v2\/pages\/365\/revisions"}],"predecessor-version":[{"id":714,"href":"https:\/\/ihrpflegeteam-gruenheide.de\/index.php?rest_route=\/wp\/v2\/pages\/365\/revisions\/714"}],"wp:attachment":[{"href":"https:\/\/ihrpflegeteam-gruenheide.de\/index.php?rest_route=%2Fwp%2Fv2%2Fmedia&parent=365"}],"curies":[{"name":"wp","href":"https:\/\/api.w.org\/{rel}","templated":true}]}}