{"id":505,"date":"2024-10-28T09:00:23","date_gmt":"2024-10-28T09:00:23","guid":{"rendered":"https:\/\/ihrpflegeteam-gruenheide.de\/?page_id=505"},"modified":"2024-11-29T09:41:29","modified_gmt":"2024-11-29T09:41:29","slug":"partner","status":"publish","type":"page","link":"https:\/\/ihrpflegeteam-gruenheide.de\/?page_id=505","title":{"rendered":"Partner"},"content":{"rendered":"\t\t<div data-elementor-type=\"wp-page\" data-elementor-id=\"505\" class=\"elementor elementor-505\">\n\t\t\t\t\t\t<section class=\"elementor-section elementor-top-section elementor-element elementor-element-5c292ab elementor-section-full_width elementor-section-height-default elementor-section-height-default\" data-id=\"5c292ab\" data-element_type=\"section\">\n\t\t\t\t\t\t<div class=\"elementor-container elementor-column-gap-default\">\n\t\t\t\t\t<div class=\"elementor-column elementor-col-50 elementor-top-column elementor-element elementor-element-4e67cd1\" data-id=\"4e67cd1\" data-element_type=\"column\" data-settings=\"{&quot;background_background&quot;:&quot;slideshow&quot;,&quot;background_slideshow_gallery&quot;:[{&quot;id&quot;:627,&quot;url&quot;:&quot;https:\\\/\\\/ihrpflegeteam-gruenheide.de\\\/wp-content\\\/uploads\\\/2024\\\/11\\\/shutterstock_1814189045-scaled.jpg&quot;}],&quot;background_slideshow_loop&quot;:&quot;yes&quot;,&quot;background_slideshow_slide_duration&quot;:5000,&quot;background_slideshow_slide_transition&quot;:&quot;fade&quot;,&quot;background_slideshow_transition_duration&quot;:500}\">\n\t\t\t<div class=\"elementor-widget-wrap elementor-element-populated\">\n\t\t\t\t\t\t<div class=\"elementor-element elementor-element-2fdd292 elementor-widget elementor-widget-spacer\" data-id=\"2fdd292\" data-element_type=\"widget\" data-widget_type=\"spacer.default\">\n\t\t\t\t<div class=\"elementor-widget-container\">\n\t\t\t\t\t<div class=\"elementor-spacer\">\n\t\t\t<div class=\"elementor-spacer-inner\"><\/div>\n\t\t<\/div>\n\t\t\t\t<\/div>\n\t\t\t\t<\/div>\n\t\t\t\t\t<\/div>\n\t\t<\/div>\n\t\t\t\t<div class=\"elementor-column elementor-col-50 elementor-top-column elementor-element elementor-element-132377e\" data-id=\"132377e\" data-element_type=\"column\" data-settings=\"{&quot;background_background&quot;:&quot;classic&quot;}\">\n\t\t\t<div class=\"elementor-widget-wrap elementor-element-populated\">\n\t\t\t\t\t\t<div class=\"elementor-element elementor-element-2731822 elementor-widget elementor-widget-heading\" data-id=\"2731822\" data-element_type=\"widget\" data-widget_type=\"heading.default\">\n\t\t\t\t<div class=\"elementor-widget-container\">\n\t\t\t<h2 class=\"elementor-heading-title elementor-size-default\">Wir verlassen uns auch auf unsere tollen Partner<\/h2>\t\t<\/div>\n\t\t\t\t<\/div>\n\t\t\t\t<div class=\"elementor-element elementor-element-bfbb2df elementor-widget elementor-widget-heading\" data-id=\"bfbb2df\" data-element_type=\"widget\" data-widget_type=\"heading.default\">\n\t\t\t\t<div class=\"elementor-widget-container\">\n\t\t\t<h5 class=\"elementor-heading-title elementor-size-default\">Sie unterst\u00fctzen uns und Sie in verschiedensten Bereichen.<\/h5>\t\t<\/div>\n\t\t\t\t<\/div>\n\t\t\t\t<div class=\"elementor-element elementor-element-938a5a6 elementor-widget elementor-widget-text-editor\" data-id=\"938a5a6\" data-element_type=\"widget\" data-widget_type=\"text-editor.default\">\n\t\t\t\t<div class=\"elementor-widget-container\">\n\t\t\t\t\t\t\t<p>An dieser Stelle m\u00f6chten wir uns gern bei allen Alltagshelden, die uns t\u00e4glich bei der Arbeit begegnen, bedanken.<\/p>\t\t\t\t\t\t<\/div>\n\t\t\t\t<\/div>\n\t\t\t\t\t<\/div>\n\t\t<\/div>\n\t\t\t\t\t<\/div>\n\t\t<\/section>\n\t\t\t\t<section class=\"elementor-section elementor-top-section elementor-element elementor-element-ebbff9b elementor-section-boxed elementor-section-height-default elementor-section-height-default\" data-id=\"ebbff9b\" data-element_type=\"section\">\n\t\t\t\t\t\t<div class=\"elementor-container elementor-column-gap-default\">\n\t\t\t\t\t<div class=\"elementor-column elementor-col-100 elementor-top-column elementor-element elementor-element-cb2fe87\" data-id=\"cb2fe87\" data-element_type=\"column\">\n\t\t\t<div class=\"elementor-widget-wrap elementor-element-populated\">\n\t\t\t\t\t\t<div class=\"elementor-element elementor-element-9e2e471 elementor-widget elementor-widget-heading\" data-id=\"9e2e471\" data-element_type=\"widget\" data-widget_type=\"heading.default\">\n\t\t\t\t<div class=\"elementor-widget-container\">\n\t\t\t<h2 class=\"elementor-heading-title elementor-size-default\">Unsere Partner<\/h2>\t\t<\/div>\n\t\t\t\t<\/div>\n\t\t\t\t\t<\/div>\n\t\t<\/div>\n\t\t\t\t\t<\/div>\n\t\t<\/section>\n\t\t<div class=\"elementor-element elementor-element-5df8335 e-flex e-con-boxed e-con e-parent\" data-id=\"5df8335\" data-element_type=\"container\">\n\t\t\t\t\t<div class=\"e-con-inner\">\n\t\t<div class=\"elementor-element elementor-element-1b8eeae e-con-full e-flex e-con e-child\" data-id=\"1b8eeae\" data-element_type=\"container\" data-settings=\"{&quot;background_background&quot;:&quot;classic&quot;}\">\n\t\t\t\t<div class=\"elementor-element elementor-element-e012275 premium-svg-animated-yes elementor-widget elementor-widget-premium-svg-drawer\" data-id=\"e012275\" data-element_type=\"widget\" data-settings=\"{&quot;scroll_action&quot;:&quot;automatic&quot;,&quot;animate_start_point&quot;:{&quot;unit&quot;:&quot;%&quot;,&quot;size&quot;:20,&quot;sizes&quot;:[]},&quot;animate_trigger&quot;:&quot;custom&quot;,&quot;animate_offset&quot;:{&quot;unit&quot;:&quot;%&quot;,&quot;size&quot;:90,&quot;sizes&quot;:[]},&quot;frames&quot;:5,&quot;anim_rev&quot;:&quot;yes&quot;}\" data-widget_type=\"premium-svg-drawer.default\">\n\t\t\t\t<div class=\"elementor-widget-container\">\n\t\t\t\n\t\t\t<div class=\"premium-svg-draw elementor-invisible\">\n\n\t\t\t\t\n\t\t\t\t\n\t\t\t\t\t\t\t\t\t\t<i id=\"premium-svg-icon-e012275\" class=\"premium-svg-icon fas fa-hand-holding-heart\" aria-hidden=\"true\" data-start=\"manual\"><\/i>\n\t\t\t\t\n\t\t\t\t\n\t\t\t<\/div>\n\n\t\t\t\t<\/div>\n\t\t\t\t<\/div>\n\t\t\t\t<div class=\"elementor-element elementor-element-71bd5a62 premium-title-color elementor-widget elementor-widget-premium-addon-title\" data-id=\"71bd5a62\" data-element_type=\"widget\" data-widget_type=\"premium-addon-title.default\">\n\t\t\t\t<div class=\"elementor-widget-container\">\n\t\t\t\n\t\t<div class=\"premium-title-container style1\">\n\t\t\t<h3 class=\"premium-title-header premium-title-style1\">\n\t\t\t\t\n\t\t\t\t\n\t\t\t\t\t\t\t\t\t\t\t\t<span class=\"premium-title-text\" >\n\t\t\t\t\tAnke Reinke\t\t\t\t<\/span>\n\t\t\t\t\t\n\t\t\t\t\t\t\t\t\t\t\t<\/h3>\n\t\t<\/div>\n\n\t\t\t\t<\/div>\n\t\t\t\t<\/div>\n\t\t\t\t<div class=\"elementor-element elementor-element-59a67ad4 elementor-widget elementor-widget-text-editor\" data-id=\"59a67ad4\" data-element_type=\"widget\" data-widget_type=\"text-editor.default\">\n\t\t\t\t<div class=\"elementor-widget-container\">\n\t\t\t\t\t\t\t<p>H\u00e4usliche Krankenpflege und Seniorenbetreuung<\/p>\t\t\t\t\t\t<\/div>\n\t\t\t\t<\/div>\n\t\t\t\t<div class=\"elementor-element elementor-element-6320ac4 elementor-widget elementor-widget-text-editor\" data-id=\"6320ac4\" data-element_type=\"widget\" data-widget_type=\"text-editor.default\">\n\t\t\t\t<div class=\"elementor-widget-container\">\n\t\t\t\t\t\t\t<p>Karl-Marx-Damm 24 a-c<br \/>15526 Bad Saarow<\/p><p>Tel:\u00a0 033631 &#8211; 72 02 0<br \/>Fax: 033631 &#8211;\u00a0 44 88 56<\/p><p>marjana.stoschus@pflegemit-herz.de<\/p>\t\t\t\t\t\t<\/div>\n\t\t\t\t<\/div>\n\t\t\t\t<\/div>\n\t\t<div class=\"elementor-element elementor-element-dca9144 e-con-full e-flex e-con e-child\" data-id=\"dca9144\" data-element_type=\"container\" data-settings=\"{&quot;background_background&quot;:&quot;classic&quot;}\">\n\t\t\t\t<div class=\"elementor-element elementor-element-3a8edf4 premium-svg-animated-yes elementor-widget elementor-widget-premium-svg-drawer\" data-id=\"3a8edf4\" data-element_type=\"widget\" data-settings=\"{&quot;scroll_action&quot;:&quot;automatic&quot;,&quot;animate_start_point&quot;:{&quot;unit&quot;:&quot;%&quot;,&quot;size&quot;:20,&quot;sizes&quot;:[]},&quot;animate_trigger&quot;:&quot;custom&quot;,&quot;animate_offset&quot;:{&quot;unit&quot;:&quot;%&quot;,&quot;size&quot;:90,&quot;sizes&quot;:[]},&quot;frames&quot;:5,&quot;anim_rev&quot;:&quot;yes&quot;}\" data-widget_type=\"premium-svg-drawer.default\">\n\t\t\t\t<div class=\"elementor-widget-container\">\n\t\t\t\n\t\t\t<div class=\"premium-svg-draw elementor-invisible\">\n\n\t\t\t\t\n\t\t\t\t\n\t\t\t\t\t\t\t\t\t\t<i id=\"premium-svg-icon-3a8edf4\" class=\"premium-svg-icon fas fa-hand-holding-heart\" aria-hidden=\"true\" data-start=\"manual\"><\/i>\n\t\t\t\t\n\t\t\t\t\n\t\t\t<\/div>\n\n\t\t\t\t<\/div>\n\t\t\t\t<\/div>\n\t\t\t\t<div class=\"elementor-element elementor-element-35367b9 premium-title-color elementor-widget elementor-widget-premium-addon-title\" data-id=\"35367b9\" data-element_type=\"widget\" data-widget_type=\"premium-addon-title.default\">\n\t\t\t\t<div class=\"elementor-widget-container\">\n\t\t\t\n\t\t<div class=\"premium-title-container style1\">\n\t\t\t<h3 class=\"premium-title-header premium-title-style1\">\n\t\t\t\t\n\t\t\t\t\n\t\t\t\t\t\t\t\t\t\t\t\t<span class=\"premium-title-text\" >\n\t\t\t\t\tMario Klose\t\t\t\t<\/span>\n\t\t\t\t\t\n\t\t\t\t\t\t\t\t\t\t\t<\/h3>\n\t\t<\/div>\n\n\t\t\t\t<\/div>\n\t\t\t\t<\/div>\n\t\t\t\t<div class=\"elementor-element elementor-element-5dd66e3 elementor-widget elementor-widget-text-editor\" data-id=\"5dd66e3\" data-element_type=\"widget\" data-widget_type=\"text-editor.default\">\n\t\t\t\t<div class=\"elementor-widget-container\">\n\t\t\t\t\t\t\t<p>Geb\u00e4udeservice<\/p>\t\t\t\t\t\t<\/div>\n\t\t\t\t<\/div>\n\t\t\t\t<div class=\"elementor-element elementor-element-6026336 elementor-widget elementor-widget-text-editor\" data-id=\"6026336\" data-element_type=\"widget\" data-widget_type=\"text-editor.default\">\n\t\t\t\t<div class=\"elementor-widget-container\">\n\t\t\t\t\t\t\t<p>Kirschbl\u00fctenweg 27<br \/>15370 Fredersdorf<\/p><p>Tel: 0173 286 13 97<\/p><p>www.gsk-gebaeudeservice.de<br \/>m.klose@gsk-gebaeudeservice.de<\/p>\t\t\t\t\t\t<\/div>\n\t\t\t\t<\/div>\n\t\t\t\t<\/div>\n\t\t\t\t\t<\/div>\n\t\t\t\t<\/div>\n\t\t<div class=\"elementor-element elementor-element-a97a5d3 e-flex e-con-boxed e-con e-parent\" data-id=\"a97a5d3\" data-element_type=\"container\">\n\t\t\t\t\t<div class=\"e-con-inner\">\n\t\t<div class=\"elementor-element elementor-element-f14557c e-con-full e-flex e-con e-child\" data-id=\"f14557c\" data-element_type=\"container\" data-settings=\"{&quot;background_background&quot;:&quot;classic&quot;}\">\n\t\t\t\t<div class=\"elementor-element elementor-element-ae4c7d3 premium-svg-animated-yes elementor-widget elementor-widget-premium-svg-drawer\" data-id=\"ae4c7d3\" data-element_type=\"widget\" data-settings=\"{&quot;scroll_action&quot;:&quot;automatic&quot;,&quot;animate_start_point&quot;:{&quot;unit&quot;:&quot;%&quot;,&quot;size&quot;:20,&quot;sizes&quot;:[]},&quot;animate_trigger&quot;:&quot;custom&quot;,&quot;animate_offset&quot;:{&quot;unit&quot;:&quot;%&quot;,&quot;size&quot;:90,&quot;sizes&quot;:[]},&quot;frames&quot;:5,&quot;anim_rev&quot;:&quot;yes&quot;}\" data-widget_type=\"premium-svg-drawer.default\">\n\t\t\t\t<div class=\"elementor-widget-container\">\n\t\t\t\n\t\t\t<div class=\"premium-svg-draw elementor-invisible\">\n\n\t\t\t\t\n\t\t\t\t\n\t\t\t\t\t\t\t\t\t\t<i id=\"premium-svg-icon-ae4c7d3\" class=\"premium-svg-icon fas fa-hand-holding-heart\" aria-hidden=\"true\" data-start=\"manual\"><\/i>\n\t\t\t\t\n\t\t\t\t\n\t\t\t<\/div>\n\n\t\t\t\t<\/div>\n\t\t\t\t<\/div>\n\t\t\t\t<div class=\"elementor-element elementor-element-e581787 premium-title-color elementor-widget elementor-widget-premium-addon-title\" data-id=\"e581787\" data-element_type=\"widget\" data-widget_type=\"premium-addon-title.default\">\n\t\t\t\t<div class=\"elementor-widget-container\">\n\t\t\t\n\t\t<div class=\"premium-title-container style1\">\n\t\t\t<h3 class=\"premium-title-header premium-title-style1\">\n\t\t\t\t\n\t\t\t\t\n\t\t\t\t\t\t\t\t\t\t\t\t<span class=\"premium-title-text\" >\n\t\t\t\t\tDaniel Grunewald\t\t\t\t<\/span>\n\t\t\t\t\t\n\t\t\t\t\t\t\t\t\t\t\t<\/h3>\n\t\t<\/div>\n\n\t\t\t\t<\/div>\n\t\t\t\t<\/div>\n\t\t\t\t<div class=\"elementor-element elementor-element-a0bd242 elementor-widget elementor-widget-text-editor\" data-id=\"a0bd242\" data-element_type=\"widget\" data-widget_type=\"text-editor.default\">\n\t\t\t\t<div class=\"elementor-widget-container\">\n\t\t\t\t\t\t\t<p>Optimaler Leben<\/p>\t\t\t\t\t\t<\/div>\n\t\t\t\t<\/div>\n\t\t\t\t<div class=\"elementor-element elementor-element-81a39e0 elementor-widget elementor-widget-text-editor\" data-id=\"81a39e0\" data-element_type=\"widget\" data-widget_type=\"text-editor.default\">\n\t\t\t\t<div class=\"elementor-widget-container\">\n\t\t\t\t\t\t\t<p>Sch\u00f6neicher Stra\u00dfe 49<br \/>15566 Sch\u00f6neiche<\/p><p>Tel:\u00a0 030 &#8211; 5477 74 45<br \/>Fax: 030 &#8211; 5477 75 20<\/p><p>www.optimalerleben.de<br \/>info@optimalerleben.de<\/p>\t\t\t\t\t\t<\/div>\n\t\t\t\t<\/div>\n\t\t\t\t<\/div>\n\t\t<div class=\"elementor-element elementor-element-32cd7a3 e-con-full e-flex e-con e-child\" data-id=\"32cd7a3\" data-element_type=\"container\" data-settings=\"{&quot;background_background&quot;:&quot;classic&quot;}\">\n\t\t\t\t<div class=\"elementor-element elementor-element-012973f premium-svg-animated-yes elementor-widget elementor-widget-premium-svg-drawer\" data-id=\"012973f\" data-element_type=\"widget\" data-settings=\"{&quot;scroll_action&quot;:&quot;automatic&quot;,&quot;animate_start_point&quot;:{&quot;unit&quot;:&quot;%&quot;,&quot;size&quot;:20,&quot;sizes&quot;:[]},&quot;animate_trigger&quot;:&quot;custom&quot;,&quot;animate_offset&quot;:{&quot;unit&quot;:&quot;%&quot;,&quot;size&quot;:90,&quot;sizes&quot;:[]},&quot;frames&quot;:5,&quot;anim_rev&quot;:&quot;yes&quot;}\" data-widget_type=\"premium-svg-drawer.default\">\n\t\t\t\t<div class=\"elementor-widget-container\">\n\t\t\t\n\t\t\t<div class=\"premium-svg-draw elementor-invisible\">\n\n\t\t\t\t\n\t\t\t\t\n\t\t\t\t\t\t\t\t\t\t<i id=\"premium-svg-icon-012973f\" class=\"premium-svg-icon fas fa-hand-holding-heart\" aria-hidden=\"true\" data-start=\"manual\"><\/i>\n\t\t\t\t\n\t\t\t\t\n\t\t\t<\/div>\n\n\t\t\t\t<\/div>\n\t\t\t\t<\/div>\n\t\t\t\t<div class=\"elementor-element elementor-element-aeeb44d premium-title-color elementor-widget elementor-widget-premium-addon-title\" data-id=\"aeeb44d\" data-element_type=\"widget\" data-widget_type=\"premium-addon-title.default\">\n\t\t\t\t<div class=\"elementor-widget-container\">\n\t\t\t\n\t\t<div class=\"premium-title-container style1\">\n\t\t\t<h3 class=\"premium-title-header premium-title-style1\">\n\t\t\t\t\n\t\t\t\t\n\t\t\t\t\t\t\t\t\t\t\t\t<span class=\"premium-title-text\" >\n\t\t\t\t\tMarco Sliwa\t\t\t\t<\/span>\n\t\t\t\t\t\n\t\t\t\t\t\t\t\t\t\t\t<\/h3>\n\t\t<\/div>\n\n\t\t\t\t<\/div>\n\t\t\t\t<\/div>\n\t\t\t\t<div class=\"elementor-element elementor-element-d782da5 elementor-widget elementor-widget-text-editor\" data-id=\"d782da5\" data-element_type=\"widget\" data-widget_type=\"text-editor.default\">\n\t\t\t\t<div class=\"elementor-widget-container\">\n\t\t\t\t\t\t\t<p>Wiesen Apotheke<\/p>\t\t\t\t\t\t<\/div>\n\t\t\t\t<\/div>\n\t\t\t\t<div class=\"elementor-element elementor-element-8ca2355 elementor-widget elementor-widget-text-editor\" data-id=\"8ca2355\" data-element_type=\"widget\" data-widget_type=\"text-editor.default\">\n\t\t\t\t<div class=\"elementor-widget-container\">\n\t\t\t\t\t\t\t<p>Luckenwalder Stra\u00dfe 26-30<br \/>15711 K\u00f6nigs Wusterhausen<\/p><p>Tel:\u00a0 03375 &#8211; 52 99 210<br \/>Fax: 03375 &#8211; 52 99 211<\/p><p>www.wiesen-apo.de<br \/>info@wiesen-apo.de<\/p>\t\t\t\t\t\t<\/div>\n\t\t\t\t<\/div>\n\t\t\t\t<\/div>\n\t\t\t\t\t<\/div>\n\t\t\t\t<\/div>\n\t\t\t\t<\/div>\n\t\t","protected":false},"excerpt":{"rendered":"<p>Wir verlassen uns auch auf unsere tollen Partner Sie unterst\u00fctzen uns und Sie in verschiedensten Bereichen. An dieser Stelle m\u00f6chten wir uns gern bei allen Alltagshelden, die uns t\u00e4glich bei der Arbeit begegnen, bedanken. Unsere Partner Anke Reinke H\u00e4usliche Krankenpflege und Seniorenbetreuung Karl-Marx-Damm 24 a-c15526 Bad Saarow Tel:\u00a0 033631 &#8211; 72 02 0Fax: 033631 &#8211;\u00a0 [&hellip;]<\/p>\n","protected":false},"author":1,"featured_media":0,"parent":0,"menu_order":0,"comment_status":"closed","ping_status":"closed","template":"","meta":{"footnotes":""},"class_list":["post-505","page","type-page","status-publish","hentry"],"yoast_head":"<!-- This site is optimized with the Yoast SEO plugin v23.9 - https:\/\/yoast.com\/wordpress\/plugins\/seo\/ -->\n<title>Partner - WordPress-Website<\/title>\n<meta name=\"robots\" content=\"index, follow, max-snippet:-1, max-image-preview:large, max-video-preview:-1\" \/>\n<link rel=\"canonical\" href=\"https:\/\/ihrpflegeteam-gruenheide.de\/?page_id=505\" \/>\n<meta property=\"og:locale\" content=\"de_DE\" \/>\n<meta property=\"og:type\" content=\"article\" \/>\n<meta property=\"og:title\" content=\"Partner - WordPress-Website\" \/>\n<meta property=\"og:description\" content=\"Wir verlassen uns auch auf unsere tollen Partner Sie unterst\u00fctzen uns und Sie in verschiedensten Bereichen. An dieser Stelle m\u00f6chten wir uns gern bei allen Alltagshelden, die uns t\u00e4glich bei der Arbeit begegnen, bedanken. Unsere Partner Anke Reinke H\u00e4usliche Krankenpflege und Seniorenbetreuung Karl-Marx-Damm 24 a-c15526 Bad Saarow Tel:\u00a0 033631 &#8211; 72 02 0Fax: 033631 &#8211;\u00a0 [&hellip;]\" \/>\n<meta property=\"og:url\" content=\"https:\/\/ihrpflegeteam-gruenheide.de\/?page_id=505\" \/>\n<meta property=\"og:site_name\" content=\"WordPress-Website\" \/>\n<meta property=\"article:modified_time\" content=\"2024-11-29T09:41:29+00:00\" \/>\n<meta name=\"twitter:card\" content=\"summary_large_image\" \/>\n<meta name=\"twitter:label1\" content=\"Gesch\u00e4tzte Lesezeit\" \/>\n\t<meta name=\"twitter:data1\" content=\"1\u00a0Minute\" \/>\n<script type=\"application\/ld+json\" class=\"yoast-schema-graph\">{\"@context\":\"https:\/\/schema.org\",\"@graph\":[{\"@type\":\"WebPage\",\"@id\":\"https:\/\/ihrpflegeteam-gruenheide.de\/?page_id=505\",\"url\":\"https:\/\/ihrpflegeteam-gruenheide.de\/?page_id=505\",\"name\":\"Partner - WordPress-Website\",\"isPartOf\":{\"@id\":\"https:\/\/ihrpflegeteam-gruenheide.de\/#website\"},\"datePublished\":\"2024-10-28T09:00:23+00:00\",\"dateModified\":\"2024-11-29T09:41:29+00:00\",\"breadcrumb\":{\"@id\":\"https:\/\/ihrpflegeteam-gruenheide.de\/?page_id=505#breadcrumb\"},\"inLanguage\":\"de\",\"potentialAction\":[{\"@type\":\"ReadAction\",\"target\":[\"https:\/\/ihrpflegeteam-gruenheide.de\/?page_id=505\"]}]},{\"@type\":\"BreadcrumbList\",\"@id\":\"https:\/\/ihrpflegeteam-gruenheide.de\/?page_id=505#breadcrumb\",\"itemListElement\":[{\"@type\":\"ListItem\",\"position\":1,\"name\":\"Startseite\",\"item\":\"https:\/\/ihrpflegeteam-gruenheide.de\/\"},{\"@type\":\"ListItem\",\"position\":2,\"name\":\"Partner\"}]},{\"@type\":\"WebSite\",\"@id\":\"https:\/\/ihrpflegeteam-gruenheide.de\/#website\",\"url\":\"https:\/\/ihrpflegeteam-gruenheide.de\/\",\"name\":\"WordPress-Website\",\"description\":\"\",\"potentialAction\":[{\"@type\":\"SearchAction\",\"target\":{\"@type\":\"EntryPoint\",\"urlTemplate\":\"https:\/\/ihrpflegeteam-gruenheide.de\/?s={search_term_string}\"},\"query-input\":{\"@type\":\"PropertyValueSpecification\",\"valueRequired\":true,\"valueName\":\"search_term_string\"}}],\"inLanguage\":\"de\"}]}<\/script>\n<!-- \/ Yoast SEO plugin. -->","yoast_head_json":{"title":"Partner - WordPress-Website","robots":{"index":"index","follow":"follow","max-snippet":"max-snippet:-1","max-image-preview":"max-image-preview:large","max-video-preview":"max-video-preview:-1"},"canonical":"https:\/\/ihrpflegeteam-gruenheide.de\/?page_id=505","og_locale":"de_DE","og_type":"article","og_title":"Partner - WordPress-Website","og_description":"Wir verlassen uns auch auf unsere tollen Partner Sie unterst\u00fctzen uns und Sie in verschiedensten Bereichen. An dieser Stelle m\u00f6chten wir uns gern bei allen Alltagshelden, die uns t\u00e4glich bei der Arbeit begegnen, bedanken. Unsere Partner Anke Reinke H\u00e4usliche Krankenpflege und Seniorenbetreuung Karl-Marx-Damm 24 a-c15526 Bad Saarow Tel:\u00a0 033631 &#8211; 72 02 0Fax: 033631 &#8211;\u00a0 [&hellip;]","og_url":"https:\/\/ihrpflegeteam-gruenheide.de\/?page_id=505","og_site_name":"WordPress-Website","article_modified_time":"2024-11-29T09:41:29+00:00","twitter_card":"summary_large_image","twitter_misc":{"Gesch\u00e4tzte Lesezeit":"1\u00a0Minute"},"schema":{"@context":"https:\/\/schema.org","@graph":[{"@type":"WebPage","@id":"https:\/\/ihrpflegeteam-gruenheide.de\/?page_id=505","url":"https:\/\/ihrpflegeteam-gruenheide.de\/?page_id=505","name":"Partner - WordPress-Website","isPartOf":{"@id":"https:\/\/ihrpflegeteam-gruenheide.de\/#website"},"datePublished":"2024-10-28T09:00:23+00:00","dateModified":"2024-11-29T09:41:29+00:00","breadcrumb":{"@id":"https:\/\/ihrpflegeteam-gruenheide.de\/?page_id=505#breadcrumb"},"inLanguage":"de","potentialAction":[{"@type":"ReadAction","target":["https:\/\/ihrpflegeteam-gruenheide.de\/?page_id=505"]}]},{"@type":"BreadcrumbList","@id":"https:\/\/ihrpflegeteam-gruenheide.de\/?page_id=505#breadcrumb","itemListElement":[{"@type":"ListItem","position":1,"name":"Startseite","item":"https:\/\/ihrpflegeteam-gruenheide.de\/"},{"@type":"ListItem","position":2,"name":"Partner"}]},{"@type":"WebSite","@id":"https:\/\/ihrpflegeteam-gruenheide.de\/#website","url":"https:\/\/ihrpflegeteam-gruenheide.de\/","name":"WordPress-Website","description":"","potentialAction":[{"@type":"SearchAction","target":{"@type":"EntryPoint","urlTemplate":"https:\/\/ihrpflegeteam-gruenheide.de\/?s={search_term_string}"},"query-input":{"@type":"PropertyValueSpecification","valueRequired":true,"valueName":"search_term_string"}}],"inLanguage":"de"}]}},"_links":{"self":[{"href":"https:\/\/ihrpflegeteam-gruenheide.de\/index.php?rest_route=\/wp\/v2\/pages\/505","targetHints":{"allow":["GET"]}}],"collection":[{"href":"https:\/\/ihrpflegeteam-gruenheide.de\/index.php?rest_route=\/wp\/v2\/pages"}],"about":[{"href":"https:\/\/ihrpflegeteam-gruenheide.de\/index.php?rest_route=\/wp\/v2\/types\/page"}],"author":[{"embeddable":true,"href":"https:\/\/ihrpflegeteam-gruenheide.de\/index.php?rest_route=\/wp\/v2\/users\/1"}],"replies":[{"embeddable":true,"href":"https:\/\/ihrpflegeteam-gruenheide.de\/index.php?rest_route=%2Fwp%2Fv2%2Fcomments&post=505"}],"version-history":[{"count":28,"href":"https:\/\/ihrpflegeteam-gruenheide.de\/index.php?rest_route=\/wp\/v2\/pages\/505\/revisions"}],"predecessor-version":[{"id":728,"href":"https:\/\/ihrpflegeteam-gruenheide.de\/index.php?rest_route=\/wp\/v2\/pages\/505\/revisions\/728"}],"wp:attachment":[{"href":"https:\/\/ihrpflegeteam-gruenheide.de\/index.php?rest_route=%2Fwp%2Fv2%2Fmedia&parent=505"}],"curies":[{"name":"wp","href":"https:\/\/api.w.org\/{rel}","templated":true}]}}