{"id":634,"date":"2024-11-23T17:35:59","date_gmt":"2024-11-23T17:35:59","guid":{"rendered":"https:\/\/ihrpflegeteam-gruenheide.de\/?page_id=634"},"modified":"2024-11-29T08:24:50","modified_gmt":"2024-11-29T08:24:50","slug":"impressum","status":"publish","type":"page","link":"https:\/\/ihrpflegeteam-gruenheide.de\/?page_id=634","title":{"rendered":"Impressum"},"content":{"rendered":"\t\t<div data-elementor-type=\"wp-page\" data-elementor-id=\"634\" class=\"elementor elementor-634\">\n\t\t\t\t\t\t<section class=\"elementor-section elementor-top-section elementor-element elementor-element-5c292ab elementor-section-full_width elementor-section-height-default elementor-section-height-default\" data-id=\"5c292ab\" data-element_type=\"section\">\n\t\t\t\t\t\t<div class=\"elementor-container elementor-column-gap-default\">\n\t\t\t\t\t<div class=\"elementor-column elementor-col-50 elementor-top-column elementor-element elementor-element-4e67cd1\" data-id=\"4e67cd1\" data-element_type=\"column\" data-settings=\"{&quot;background_background&quot;:&quot;slideshow&quot;,&quot;background_slideshow_gallery&quot;:[{&quot;id&quot;:627,&quot;url&quot;:&quot;https:\\\/\\\/ihrpflegeteam-gruenheide.de\\\/wp-content\\\/uploads\\\/2024\\\/11\\\/shutterstock_1814189045-scaled.jpg&quot;}],&quot;background_slideshow_loop&quot;:&quot;yes&quot;,&quot;background_slideshow_slide_duration&quot;:5000,&quot;background_slideshow_slide_transition&quot;:&quot;fade&quot;,&quot;background_slideshow_transition_duration&quot;:500}\">\n\t\t\t<div class=\"elementor-widget-wrap elementor-element-populated\">\n\t\t\t\t\t\t<div class=\"elementor-element elementor-element-3b7b01c elementor-widget elementor-widget-spacer\" data-id=\"3b7b01c\" data-element_type=\"widget\" data-widget_type=\"spacer.default\">\n\t\t\t\t<div class=\"elementor-widget-container\">\n\t\t\t\t\t<div class=\"elementor-spacer\">\n\t\t\t<div class=\"elementor-spacer-inner\"><\/div>\n\t\t<\/div>\n\t\t\t\t<\/div>\n\t\t\t\t<\/div>\n\t\t\t\t\t<\/div>\n\t\t<\/div>\n\t\t\t\t<div class=\"elementor-column elementor-col-50 elementor-top-column elementor-element elementor-element-132377e elementor-hidden-mobile\" data-id=\"132377e\" data-element_type=\"column\" data-settings=\"{&quot;background_background&quot;:&quot;classic&quot;}\">\n\t\t\t<div class=\"elementor-widget-wrap elementor-element-populated\">\n\t\t\t\t\t\t<div class=\"elementor-element elementor-element-2731822 elementor-widget elementor-widget-heading\" data-id=\"2731822\" data-element_type=\"widget\" data-widget_type=\"heading.default\">\n\t\t\t\t<div class=\"elementor-widget-container\">\n\t\t\t<h2 class=\"elementor-heading-title elementor-size-default\">Impressum<\/h2>\t\t<\/div>\n\t\t\t\t<\/div>\n\t\t\t\t\t<\/div>\n\t\t<\/div>\n\t\t\t\t\t<\/div>\n\t\t<\/section>\n\t\t<div class=\"elementor-element elementor-element-5df8335 e-flex e-con-boxed e-con e-parent\" data-id=\"5df8335\" data-element_type=\"container\">\n\t\t\t\t\t<div class=\"e-con-inner\">\n\t\t<div class=\"elementor-element elementor-element-dca9144 e-con-full e-flex e-con e-child\" data-id=\"dca9144\" data-element_type=\"container\" data-settings=\"{&quot;background_background&quot;:&quot;classic&quot;}\">\n\t\t\t\t<div class=\"elementor-element elementor-element-1028ad8 elementor-widget elementor-widget-text-editor\" data-id=\"1028ad8\" data-element_type=\"widget\" data-widget_type=\"text-editor.default\">\n\t\t\t\t<div class=\"elementor-widget-container\">\n\t\t\t\t\t\t\t<h2>Impressum<\/h2><p>Heike Vieh\u00f6fer<br \/>Ihr Pflegeteam<br \/>Gr\u00fcnheide<br \/>Karl-Marx-Stra\u00dfe 28<br \/>15537 Gr\u00fcnheide<\/p><h3>Kontakt<\/h3><p>Telefon: 03362 8808531<br \/>Telefax: 03362 8808532<br \/>E-Mail: h.viehoefer@ihrpflegeteam-gruenheide.de<\/p><h3>Umsatzsteuer-ID<\/h3><p>Umsatzsteuer-Identifikationsnummer gem\u00e4\u00df \u00a7 27 a Umsatzsteuergesetz:<br \/>###<\/p><h3>Angaben zur Berufs\u00adhaftpflicht\u00adversicherung<\/h3><p><strong>Name und Sitz des Versicherers:<\/strong><br \/>Heike Vieh\u00f6fer<br \/>Karl-Marx-Stra\u00dfe 28<br \/>15537 Gr\u00fcnheide<\/p><p><strong>Geltungsraum der Versicherung:<\/strong><br \/>Deutschland<\/p><h3>EU-Streitschlichtung<\/h3><p>Die Europ\u00e4ische Kommission stellt eine Plattform zur Online-Streitbeilegung (OS) bereit: <a href=\"https:\/\/ec.europa.eu\/consumers\/odr\/\" target=\"_blank\" rel=\"noopener noreferrer\">https:\/\/ec.europa.eu\/consumers\/odr\/<\/a>.<br \/>Unsere E-Mail-Adresse finden Sie oben im Impressum.<\/p><h3>Verbraucher\u00adstreit\u00adbeilegung\/Universal\u00adschlichtungs\u00adstelle<\/h3><p>Wir sind nicht bereit oder verpflichtet, an Streitbeilegungsverfahren vor einer Verbraucherschlichtungsstelle teilzunehmen.<\/p>\t\t\t\t\t\t<\/div>\n\t\t\t\t<\/div>\n\t\t\t\t<\/div>\n\t\t\t\t\t<\/div>\n\t\t\t\t<\/div>\n\t\t\t\t<\/div>\n\t\t","protected":false},"excerpt":{"rendered":"<p>Impressum Impressum Heike Vieh\u00f6ferIhr PflegeteamGr\u00fcnheideKarl-Marx-Stra\u00dfe 2815537 Gr\u00fcnheide Kontakt Telefon: 03362 8808531Telefax: 03362 8808532E-Mail: h.viehoefer@ihrpflegeteam-gruenheide.de Umsatzsteuer-ID Umsatzsteuer-Identifikationsnummer gem\u00e4\u00df \u00a7 27 a Umsatzsteuergesetz:### Angaben zur Berufs\u00adhaftpflicht\u00adversicherung Name und Sitz des Versicherers:Heike Vieh\u00f6ferKarl-Marx-Stra\u00dfe 2815537 Gr\u00fcnheide Geltungsraum der Versicherung:Deutschland EU-Streitschlichtung Die Europ\u00e4ische Kommission stellt eine Plattform zur Online-Streitbeilegung (OS) bereit: https:\/\/ec.europa.eu\/consumers\/odr\/.Unsere E-Mail-Adresse finden Sie oben im Impressum. Verbraucher\u00adstreit\u00adbeilegung\/Universal\u00adschlichtungs\u00adstelle Wir [&hellip;]<\/p>\n","protected":false},"author":1,"featured_media":0,"parent":0,"menu_order":0,"comment_status":"closed","ping_status":"closed","template":"","meta":{"footnotes":""},"class_list":["post-634","page","type-page","status-publish","hentry"],"yoast_head":"<!-- This site is optimized with the Yoast SEO plugin v23.9 - https:\/\/yoast.com\/wordpress\/plugins\/seo\/ -->\n<title>Impressum - WordPress-Website<\/title>\n<meta name=\"robots\" content=\"index, follow, max-snippet:-1, max-image-preview:large, max-video-preview:-1\" \/>\n<link rel=\"canonical\" href=\"https:\/\/ihrpflegeteam-gruenheide.de\/?page_id=634\" \/>\n<meta property=\"og:locale\" content=\"de_DE\" \/>\n<meta property=\"og:type\" content=\"article\" \/>\n<meta property=\"og:title\" content=\"Impressum - WordPress-Website\" \/>\n<meta property=\"og:description\" content=\"Impressum Impressum Heike Vieh\u00f6ferIhr PflegeteamGr\u00fcnheideKarl-Marx-Stra\u00dfe 2815537 Gr\u00fcnheide Kontakt Telefon: 03362 8808531Telefax: 03362 8808532E-Mail: h.viehoefer@ihrpflegeteam-gruenheide.de Umsatzsteuer-ID Umsatzsteuer-Identifikationsnummer gem\u00e4\u00df \u00a7 27 a Umsatzsteuergesetz:### Angaben zur Berufs\u00adhaftpflicht\u00adversicherung Name und Sitz des Versicherers:Heike Vieh\u00f6ferKarl-Marx-Stra\u00dfe 2815537 Gr\u00fcnheide Geltungsraum der Versicherung:Deutschland EU-Streitschlichtung Die Europ\u00e4ische Kommission stellt eine Plattform zur Online-Streitbeilegung (OS) bereit: https:\/\/ec.europa.eu\/consumers\/odr\/.Unsere E-Mail-Adresse finden Sie oben im Impressum. Verbraucher\u00adstreit\u00adbeilegung\/Universal\u00adschlichtungs\u00adstelle Wir [&hellip;]\" \/>\n<meta property=\"og:url\" content=\"https:\/\/ihrpflegeteam-gruenheide.de\/?page_id=634\" \/>\n<meta property=\"og:site_name\" content=\"WordPress-Website\" \/>\n<meta property=\"article:modified_time\" content=\"2024-11-29T08:24:50+00:00\" \/>\n<meta name=\"twitter:card\" content=\"summary_large_image\" \/>\n<meta name=\"twitter:label1\" content=\"Gesch\u00e4tzte Lesezeit\" \/>\n\t<meta name=\"twitter:data1\" content=\"1\u00a0Minute\" \/>\n<script type=\"application\/ld+json\" class=\"yoast-schema-graph\">{\"@context\":\"https:\/\/schema.org\",\"@graph\":[{\"@type\":\"WebPage\",\"@id\":\"https:\/\/ihrpflegeteam-gruenheide.de\/?page_id=634\",\"url\":\"https:\/\/ihrpflegeteam-gruenheide.de\/?page_id=634\",\"name\":\"Impressum - WordPress-Website\",\"isPartOf\":{\"@id\":\"https:\/\/ihrpflegeteam-gruenheide.de\/#website\"},\"datePublished\":\"2024-11-23T17:35:59+00:00\",\"dateModified\":\"2024-11-29T08:24:50+00:00\",\"breadcrumb\":{\"@id\":\"https:\/\/ihrpflegeteam-gruenheide.de\/?page_id=634#breadcrumb\"},\"inLanguage\":\"de\",\"potentialAction\":[{\"@type\":\"ReadAction\",\"target\":[\"https:\/\/ihrpflegeteam-gruenheide.de\/?page_id=634\"]}]},{\"@type\":\"BreadcrumbList\",\"@id\":\"https:\/\/ihrpflegeteam-gruenheide.de\/?page_id=634#breadcrumb\",\"itemListElement\":[{\"@type\":\"ListItem\",\"position\":1,\"name\":\"Startseite\",\"item\":\"https:\/\/ihrpflegeteam-gruenheide.de\/\"},{\"@type\":\"ListItem\",\"position\":2,\"name\":\"Impressum\"}]},{\"@type\":\"WebSite\",\"@id\":\"https:\/\/ihrpflegeteam-gruenheide.de\/#website\",\"url\":\"https:\/\/ihrpflegeteam-gruenheide.de\/\",\"name\":\"WordPress-Website\",\"description\":\"\",\"potentialAction\":[{\"@type\":\"SearchAction\",\"target\":{\"@type\":\"EntryPoint\",\"urlTemplate\":\"https:\/\/ihrpflegeteam-gruenheide.de\/?s={search_term_string}\"},\"query-input\":{\"@type\":\"PropertyValueSpecification\",\"valueRequired\":true,\"valueName\":\"search_term_string\"}}],\"inLanguage\":\"de\"}]}<\/script>\n<!-- \/ Yoast SEO plugin. -->","yoast_head_json":{"title":"Impressum - WordPress-Website","robots":{"index":"index","follow":"follow","max-snippet":"max-snippet:-1","max-image-preview":"max-image-preview:large","max-video-preview":"max-video-preview:-1"},"canonical":"https:\/\/ihrpflegeteam-gruenheide.de\/?page_id=634","og_locale":"de_DE","og_type":"article","og_title":"Impressum - WordPress-Website","og_description":"Impressum Impressum Heike Vieh\u00f6ferIhr PflegeteamGr\u00fcnheideKarl-Marx-Stra\u00dfe 2815537 Gr\u00fcnheide Kontakt Telefon: 03362 8808531Telefax: 03362 8808532E-Mail: h.viehoefer@ihrpflegeteam-gruenheide.de Umsatzsteuer-ID Umsatzsteuer-Identifikationsnummer gem\u00e4\u00df \u00a7 27 a Umsatzsteuergesetz:### Angaben zur Berufs\u00adhaftpflicht\u00adversicherung Name und Sitz des Versicherers:Heike Vieh\u00f6ferKarl-Marx-Stra\u00dfe 2815537 Gr\u00fcnheide Geltungsraum der Versicherung:Deutschland EU-Streitschlichtung Die Europ\u00e4ische Kommission stellt eine Plattform zur Online-Streitbeilegung (OS) bereit: https:\/\/ec.europa.eu\/consumers\/odr\/.Unsere E-Mail-Adresse finden Sie oben im Impressum. Verbraucher\u00adstreit\u00adbeilegung\/Universal\u00adschlichtungs\u00adstelle Wir [&hellip;]","og_url":"https:\/\/ihrpflegeteam-gruenheide.de\/?page_id=634","og_site_name":"WordPress-Website","article_modified_time":"2024-11-29T08:24:50+00:00","twitter_card":"summary_large_image","twitter_misc":{"Gesch\u00e4tzte Lesezeit":"1\u00a0Minute"},"schema":{"@context":"https:\/\/schema.org","@graph":[{"@type":"WebPage","@id":"https:\/\/ihrpflegeteam-gruenheide.de\/?page_id=634","url":"https:\/\/ihrpflegeteam-gruenheide.de\/?page_id=634","name":"Impressum - WordPress-Website","isPartOf":{"@id":"https:\/\/ihrpflegeteam-gruenheide.de\/#website"},"datePublished":"2024-11-23T17:35:59+00:00","dateModified":"2024-11-29T08:24:50+00:00","breadcrumb":{"@id":"https:\/\/ihrpflegeteam-gruenheide.de\/?page_id=634#breadcrumb"},"inLanguage":"de","potentialAction":[{"@type":"ReadAction","target":["https:\/\/ihrpflegeteam-gruenheide.de\/?page_id=634"]}]},{"@type":"BreadcrumbList","@id":"https:\/\/ihrpflegeteam-gruenheide.de\/?page_id=634#breadcrumb","itemListElement":[{"@type":"ListItem","position":1,"name":"Startseite","item":"https:\/\/ihrpflegeteam-gruenheide.de\/"},{"@type":"ListItem","position":2,"name":"Impressum"}]},{"@type":"WebSite","@id":"https:\/\/ihrpflegeteam-gruenheide.de\/#website","url":"https:\/\/ihrpflegeteam-gruenheide.de\/","name":"WordPress-Website","description":"","potentialAction":[{"@type":"SearchAction","target":{"@type":"EntryPoint","urlTemplate":"https:\/\/ihrpflegeteam-gruenheide.de\/?s={search_term_string}"},"query-input":{"@type":"PropertyValueSpecification","valueRequired":true,"valueName":"search_term_string"}}],"inLanguage":"de"}]}},"_links":{"self":[{"href":"https:\/\/ihrpflegeteam-gruenheide.de\/index.php?rest_route=\/wp\/v2\/pages\/634","targetHints":{"allow":["GET"]}}],"collection":[{"href":"https:\/\/ihrpflegeteam-gruenheide.de\/index.php?rest_route=\/wp\/v2\/pages"}],"about":[{"href":"https:\/\/ihrpflegeteam-gruenheide.de\/index.php?rest_route=\/wp\/v2\/types\/page"}],"author":[{"embeddable":true,"href":"https:\/\/ihrpflegeteam-gruenheide.de\/index.php?rest_route=\/wp\/v2\/users\/1"}],"replies":[{"embeddable":true,"href":"https:\/\/ihrpflegeteam-gruenheide.de\/index.php?rest_route=%2Fwp%2Fv2%2Fcomments&post=634"}],"version-history":[{"count":20,"href":"https:\/\/ihrpflegeteam-gruenheide.de\/index.php?rest_route=\/wp\/v2\/pages\/634\/revisions"}],"predecessor-version":[{"id":704,"href":"https:\/\/ihrpflegeteam-gruenheide.de\/index.php?rest_route=\/wp\/v2\/pages\/634\/revisions\/704"}],"wp:attachment":[{"href":"https:\/\/ihrpflegeteam-gruenheide.de\/index.php?rest_route=%2Fwp%2Fv2%2Fmedia&parent=634"}],"curies":[{"name":"wp","href":"https:\/\/api.w.org\/{rel}","templated":true}]}}